{"id":1501,"date":"2022-05-30T11:15:11","date_gmt":"2022-05-30T11:15:11","guid":{"rendered":"https:\/\/databrechawomen.iniciativabarcelonaopendata.cat\/?page_id=1501"},"modified":"2022-06-10T12:55:26","modified_gmt":"2022-06-10T12:55:26","slug":"26m","status":"publish","type":"page","link":"https:\/\/databrechawomen.iniciativabarcelonaopendata.cat\/index.php\/26m\/","title":{"rendered":"26M"},"content":{"rendered":"<style>#kt-layout-id_6128ae-c5 > .kt-row-column-wrap{align-content:start;}:where(#kt-layout-id_6128ae-c5 > .kt-row-column-wrap) > .wp-block-kadence-column{justify-content:start;}#kt-layout-id_6128ae-c5 > .kt-row-column-wrap{column-gap:var(--global-kb-gap-md, 2rem);row-gap:var(--global-kb-gap-md, 2rem);padding-top:var( --global-kb-row-default-top, 25px );padding-bottom:var( --global-kb-row-default-bottom, 25px );padding-top:129px;grid-template-columns:minmax(0, calc(10% - ((var(--global-kb-gap-md, 2rem) * 2 )\/3)))minmax(0, calc(80% - ((var(--global-kb-gap-md, 2rem) * 2 )\/3)))minmax(0, calc(10% - ((var(--global-kb-gap-md, 2rem) * 2 )\/3)));}#kt-layout-id_6128ae-c5 > .kt-row-layout-overlay{opacity:0.30;}@media all and (max-width: 1024px){#kt-layout-id_6128ae-c5 > .kt-row-column-wrap > div:not(.added-for-specificity){grid-column:initial;}}@media all and (max-width: 1024px){#kt-layout-id_6128ae-c5 > .kt-row-column-wrap{grid-template-columns:minmax(0, 1fr) minmax(0, 6fr) minmax(0, 1fr);}}@media all and (max-width: 767px){#kt-layout-id_6128ae-c5 > .kt-row-column-wrap > div:not(.added-for-specificity){grid-column:initial;}#kt-layout-id_6128ae-c5 > .kt-row-column-wrap{grid-template-columns:minmax(0, 1fr);}}<\/style>\n<div class=\"wp-block-kadence-rowlayout alignnone\"><div id=\"kt-layout-id_6128ae-c5\" class=\"kt-row-layout-inner kt-layout-id_6128ae-c5\"><div class=\"kt-row-column-wrap kt-has-3-columns kt-gutter-default kt-v-gutter-default kt-row-valign-top kt-row-layout-center-exwide kt-tab-layout-inherit kt-m-colapse-left-to-right kt-mobile-layout-row  kt-custom-first-width-10  kt-custom-second-width-80  kt-custom-third-width-10\"><style>.kadence-column_73196b-bd > .kt-inside-inner-col{border-top-width:0px;border-right-width:0px;border-bottom-width:0px;border-left-width:0px;}.kadence-column_73196b-bd > .kt-inside-inner-col,.kadence-column_73196b-bd > .kt-inside-inner-col:before{border-top-left-radius:0px;border-top-right-radius:0px;border-bottom-right-radius:0px;border-bottom-left-radius:0px;}.kadence-column_73196b-bd > .kt-inside-inner-col{column-gap:var(--global-kb-gap-sm, 1rem);}.kadence-column_73196b-bd > .kt-inside-inner-col{flex-direction:column;}.kadence-column_73196b-bd > .kt-inside-inner-col > .aligncenter{width:100%;}.kadence-column_73196b-bd > .kt-inside-inner-col:before{opacity:0.3;}.kadence-column_73196b-bd{position:relative;}@media all and (max-width: 1024px){.kadence-column_73196b-bd > .kt-inside-inner-col{flex-direction:column;justify-content:center;}}@media all and (max-width: 767px){.kadence-column_73196b-bd > .kt-inside-inner-col{flex-direction:column;justify-content:center;}}<\/style>\n<div class=\"wp-block-kadence-column inner-column-1 kadence-column_73196b-bd\"><div class=\"kt-inside-inner-col\"><\/div><\/div>\n\n\n<style>.kadence-column_a5b7a5-5f > .kt-inside-inner-col{border-top-width:0px;border-right-width:0px;border-bottom-width:0px;border-left-width:0px;}.kadence-column_a5b7a5-5f > .kt-inside-inner-col,.kadence-column_a5b7a5-5f > .kt-inside-inner-col:before{border-top-left-radius:0px;border-top-right-radius:0px;border-bottom-right-radius:0px;border-bottom-left-radius:0px;}.kadence-column_a5b7a5-5f > .kt-inside-inner-col{column-gap:var(--global-kb-gap-sm, 1rem);}.kadence-column_a5b7a5-5f > .kt-inside-inner-col{flex-direction:column;}.kadence-column_a5b7a5-5f > .kt-inside-inner-col > .aligncenter{width:100%;}.kadence-column_a5b7a5-5f > .kt-inside-inner-col:before{opacity:0.3;}.kadence-column_a5b7a5-5f{position:relative;}@media all and (max-width: 1024px){.kadence-column_a5b7a5-5f > .kt-inside-inner-col{flex-direction:column;justify-content:center;}}@media all and (max-width: 767px){.kadence-column_a5b7a5-5f > .kt-inside-inner-col{flex-direction:column;justify-content:center;}}<\/style>\n<div class=\"wp-block-kadence-column inner-column-2 kadence-column_a5b7a5-5f\"><div class=\"kt-inside-inner-col\"><div class=\"wp-block-image\">\n<figure class=\"aligncenter size-large\"><img loading=\"lazy\" decoding=\"async\" width=\"1024\" height=\"574\" src=\"https:\/\/databrechawomen.iniciativabarcelonaopendata.cat\/wp-content\/uploads\/2022\/06\/26-1024x574.png\" alt=\"\" class=\"wp-image-1586\" srcset=\"https:\/\/databrechawomen.iniciativabarcelonaopendata.cat\/wp-content\/uploads\/2022\/06\/26-1024x574.png 1024w, https:\/\/databrechawomen.iniciativabarcelonaopendata.cat\/wp-content\/uploads\/2022\/06\/26-300x168.png 300w, https:\/\/databrechawomen.iniciativabarcelonaopendata.cat\/wp-content\/uploads\/2022\/06\/26-768x431.png 768w, https:\/\/databrechawomen.iniciativabarcelonaopendata.cat\/wp-content\/uploads\/2022\/06\/26-1536x862.png 1536w, https:\/\/databrechawomen.iniciativabarcelonaopendata.cat\/wp-content\/uploads\/2022\/06\/26-2048x1149.png 2048w\" sizes=\"auto, (max-width: 1024px) 100vw, 1024px\" \/><\/figure>\n<\/div>\n\n\n<p class=\"has-theme-palette-5-color has-text-color has-medium-font-size\"><strong>Explicaci\u00f3n<\/strong><\/p>\n\n\n\n<p class=\"has-theme-palette-5-color has-text-color\">Analizando los Agresores y las V\u00edctimas de delitos contra la libertad sexual en Espa\u00f1a en el per\u00edodo de 2010 a 2019, se observa la diferencia abismal y la magnitud del problema, en cuanto a personas detenidas e investigadas un 94,74%, respecto a un 5,26% que son mujeres. Se puede identificar claramente que en los agresores predominan los hombres, mientras que esta tendencia se invierte proporcionalmente al observar las victimizaciones en las que predominan las mujeres. Datos extra\u00eddos del Sistema Estad\u00edstico de Criminalidad (Ministerio del Interior) durante el per\u00edodo 2010-2019.<\/p>\n\n\n\n<p class=\"has-theme-palette-5-color has-text-color has-medium-font-size\"><strong>Interpretar datos<\/strong><\/p>\n\n\n\n<figure class=\"wp-block-embed is-type-video is-provider-youtube wp-block-embed-youtube wp-embed-aspect-16-9 wp-has-aspect-ratio\"><div class=\"wp-block-embed__wrapper\">\n<iframe loading=\"lazy\" title=\"26M - Agressors i v\u00edctimes de delictes contra la llibertat sexual a Espanya\" width=\"720\" height=\"405\" src=\"https:\/\/www.youtube.com\/embed\/lZ4Ny7z4X3s?feature=oembed\" frameborder=\"0\" allow=\"accelerometer; autoplay; clipboard-write; encrypted-media; gyroscope; picture-in-picture\" allowfullscreen><\/iframe>\n<\/div><\/figure>\n\n\n\n<p class=\"has-theme-palette-5-color has-text-color has-medium-font-size\"><strong>Visualizaci\u00f3n<\/strong><\/p>\n\n\n\n<p class=\"has-theme-palette-5-color has-text-color\">Agresores y v\u00edctimas de delitos contra la libertad sexual en Espa\u00f1a \/\/ detenciones e investigados<\/p>\n\n\n\n<p class=\"has-theme-palette-5-color has-text-color has-medium-font-size\"><strong>Enlace visualizaci\u00f3n<\/strong><\/p>\n\n\n\n<p><a href=\"https:\/\/violenciasexual.datalabciba.org\/#c122992 \">https:\/\/violenciasexual.datalabciba.org\/#c122992 <\/a><\/p>\n\n\n\n<p class=\"has-theme-palette-5-color has-text-color has-medium-font-size\"><strong>Proyecto<\/strong><\/p>\n\n\n\n<p><a href=\"https:\/\/violenciasexual.datalabciba.org\">Violencia Sexual<\/a><\/p>\n<\/div><\/div>\n\n\n<style>.kadence-column_0cfca9-2d > .kt-inside-inner-col{border-top-width:0px;border-right-width:0px;border-bottom-width:0px;border-left-width:0px;}.kadence-column_0cfca9-2d > .kt-inside-inner-col,.kadence-column_0cfca9-2d > .kt-inside-inner-col:before{border-top-left-radius:0px;border-top-right-radius:0px;border-bottom-right-radius:0px;border-bottom-left-radius:0px;}.kadence-column_0cfca9-2d > .kt-inside-inner-col{column-gap:var(--global-kb-gap-sm, 1rem);}.kadence-column_0cfca9-2d > .kt-inside-inner-col{flex-direction:column;}.kadence-column_0cfca9-2d > .kt-inside-inner-col > .aligncenter{width:100%;}.kadence-column_0cfca9-2d > .kt-inside-inner-col:before{opacity:0.3;}.kadence-column_0cfca9-2d{position:relative;}@media all and (max-width: 1024px){.kadence-column_0cfca9-2d > .kt-inside-inner-col{flex-direction:column;justify-content:center;}}@media all and (max-width: 767px){.kadence-column_0cfca9-2d > .kt-inside-inner-col{flex-direction:column;justify-content:center;}}<\/style>\n<div class=\"wp-block-kadence-column inner-column-3 kadence-column_0cfca9-2d\"><div class=\"kt-inside-inner-col\"><\/div><\/div>\n<\/div><\/div><\/div>\n\n\n\n<p><\/p>\n","protected":false},"excerpt":{"rendered":"<p>Explicaci\u00f3n Analizando los Agresores y las V\u00edctimas de delitos contra la libertad sexual en Espa\u00f1a en el per\u00edodo de 2010 a 2019, se observa la diferencia abismal y la magnitud del problema, en cuanto a personas detenidas e investigadas un 94,74%, respecto a un 5,26% que son mujeres. Se puede identificar claramente que en los&#8230;<\/p>\n","protected":false},"author":2,"featured_media":0,"parent":0,"menu_order":0,"comment_status":"closed","ping_status":"closed","template":"","meta":{"_monsterinsights_skip_tracking":false,"_monsterinsights_sitenote_active":false,"_monsterinsights_sitenote_note":"","_monsterinsights_sitenote_category":0,"_kad_post_transparent":"enable","_kad_post_title":"hide","_kad_post_layout":"fullwidth","_kad_post_sidebar_id":"","_kad_post_content_style":"boxed","_kad_post_vertical_padding":"","_kad_post_feature":"","_kad_post_feature_position":"","_kad_post_header":false,"_kad_post_footer":false,"_kad_post_classname":"","footnotes":""},"class_list":["post-1501","page","type-page","status-publish","hentry"],"yoast_head":"<!-- This site is optimized with the Yoast SEO plugin v27.5 - https:\/\/yoast.com\/product\/yoast-seo-wordpress\/ -->\n<title>26M - #databrechawomen<\/title>\n<meta name=\"robots\" content=\"index, follow, max-snippet:-1, max-image-preview:large, max-video-preview:-1\" \/>\n<link rel=\"canonical\" href=\"https:\/\/databrechawomen.iniciativabarcelonaopendata.cat\/index.php\/26m\/\" \/>\n<meta property=\"og:locale\" content=\"ca_ES\" \/>\n<meta property=\"og:type\" content=\"article\" \/>\n<meta property=\"og:title\" content=\"26M - #databrechawomen\" \/>\n<meta property=\"og:description\" content=\"Explicaci\u00f3n Analizando los Agresores y las V\u00edctimas de delitos contra la libertad sexual en Espa\u00f1a en el per\u00edodo de 2010 a 2019, se observa la diferencia abismal y la magnitud del problema, en cuanto a personas detenidas e investigadas un 94,74%, respecto a un 5,26% que son mujeres. Se puede identificar claramente que en los...\" \/>\n<meta property=\"og:url\" content=\"https:\/\/databrechawomen.iniciativabarcelonaopendata.cat\/index.php\/26m\/\" \/>\n<meta property=\"og:site_name\" content=\"#databrechawomen\" \/>\n<meta property=\"article:modified_time\" content=\"2022-06-10T12:55:26+00:00\" \/>\n<meta property=\"og:image\" content=\"https:\/\/databrechawomen.iniciativabarcelonaopendata.cat\/wp-content\/uploads\/2022\/06\/26-1024x574.png\" \/>\n<meta name=\"twitter:card\" content=\"summary_large_image\" \/>\n<meta name=\"twitter:label1\" content=\"Temps estimat de lectura\" \/>\n\t<meta name=\"twitter:data1\" content=\"1 minut\" \/>\n<script type=\"application\/ld+json\" class=\"yoast-schema-graph\">{\"@context\":\"https:\\\/\\\/schema.org\",\"@graph\":[{\"@type\":\"WebPage\",\"@id\":\"https:\\\/\\\/databrechawomen.iniciativabarcelonaopendata.cat\\\/index.php\\\/26m\\\/\",\"url\":\"https:\\\/\\\/databrechawomen.iniciativabarcelonaopendata.cat\\\/index.php\\\/26m\\\/\",\"name\":\"26M - #databrechawomen\",\"isPartOf\":{\"@id\":\"https:\\\/\\\/databrechawomen.iniciativabarcelonaopendata.cat\\\/#website\"},\"primaryImageOfPage\":{\"@id\":\"https:\\\/\\\/databrechawomen.iniciativabarcelonaopendata.cat\\\/index.php\\\/26m\\\/#primaryimage\"},\"image\":{\"@id\":\"https:\\\/\\\/databrechawomen.iniciativabarcelonaopendata.cat\\\/index.php\\\/26m\\\/#primaryimage\"},\"thumbnailUrl\":\"https:\\\/\\\/databrechawomen.iniciativabarcelonaopendata.cat\\\/wp-content\\\/uploads\\\/2022\\\/06\\\/26-1024x574.png\",\"datePublished\":\"2022-05-30T11:15:11+00:00\",\"dateModified\":\"2022-06-10T12:55:26+00:00\",\"breadcrumb\":{\"@id\":\"https:\\\/\\\/databrechawomen.iniciativabarcelonaopendata.cat\\\/index.php\\\/26m\\\/#breadcrumb\"},\"inLanguage\":\"ca\",\"potentialAction\":[{\"@type\":\"ReadAction\",\"target\":[\"https:\\\/\\\/databrechawomen.iniciativabarcelonaopendata.cat\\\/index.php\\\/26m\\\/\"]}]},{\"@type\":\"ImageObject\",\"inLanguage\":\"ca\",\"@id\":\"https:\\\/\\\/databrechawomen.iniciativabarcelonaopendata.cat\\\/index.php\\\/26m\\\/#primaryimage\",\"url\":\"https:\\\/\\\/databrechawomen.iniciativabarcelonaopendata.cat\\\/wp-content\\\/uploads\\\/2022\\\/06\\\/26.png\",\"contentUrl\":\"https:\\\/\\\/databrechawomen.iniciativabarcelonaopendata.cat\\\/wp-content\\\/uploads\\\/2022\\\/06\\\/26.png\",\"width\":2560,\"height\":1436},{\"@type\":\"BreadcrumbList\",\"@id\":\"https:\\\/\\\/databrechawomen.iniciativabarcelonaopendata.cat\\\/index.php\\\/26m\\\/#breadcrumb\",\"itemListElement\":[{\"@type\":\"ListItem\",\"position\":1,\"name\":\"Inici\",\"item\":\"https:\\\/\\\/databrechawomen.iniciativabarcelonaopendata.cat\\\/\"},{\"@type\":\"ListItem\",\"position\":2,\"name\":\"26M\"}]},{\"@type\":\"WebSite\",\"@id\":\"https:\\\/\\\/databrechawomen.iniciativabarcelonaopendata.cat\\\/#website\",\"url\":\"https:\\\/\\\/databrechawomen.iniciativabarcelonaopendata.cat\\\/\",\"name\":\"#databrechawomen\",\"description\":\"Opendata derechos mujeres\",\"publisher\":{\"@id\":\"https:\\\/\\\/databrechawomen.iniciativabarcelonaopendata.cat\\\/#organization\"},\"potentialAction\":[{\"@type\":\"SearchAction\",\"target\":{\"@type\":\"EntryPoint\",\"urlTemplate\":\"https:\\\/\\\/databrechawomen.iniciativabarcelonaopendata.cat\\\/?s={search_term_string}\"},\"query-input\":{\"@type\":\"PropertyValueSpecification\",\"valueRequired\":true,\"valueName\":\"search_term_string\"}}],\"inLanguage\":\"ca\"},{\"@type\":\"Organization\",\"@id\":\"https:\\\/\\\/databrechawomen.iniciativabarcelonaopendata.cat\\\/#organization\",\"name\":\"DataWoman\",\"url\":\"https:\\\/\\\/databrechawomen.iniciativabarcelonaopendata.cat\\\/\",\"logo\":{\"@type\":\"ImageObject\",\"inLanguage\":\"ca\",\"@id\":\"https:\\\/\\\/databrechawomen.iniciativabarcelonaopendata.cat\\\/#\\\/schema\\\/logo\\\/image\\\/\",\"url\":\"https:\\\/\\\/databrechawomen.iniciativabarcelonaopendata.cat\\\/wp-content\\\/uploads\\\/2022\\\/05\\\/Lila_rediseno_W-1.png\",\"contentUrl\":\"https:\\\/\\\/databrechawomen.iniciativabarcelonaopendata.cat\\\/wp-content\\\/uploads\\\/2022\\\/05\\\/Lila_rediseno_W-1.png\",\"width\":3333,\"height\":3333,\"caption\":\"DataWoman\"},\"image\":{\"@id\":\"https:\\\/\\\/databrechawomen.iniciativabarcelonaopendata.cat\\\/#\\\/schema\\\/logo\\\/image\\\/\"}}]}<\/script>\n<!-- \/ Yoast SEO plugin. -->","yoast_head_json":{"title":"26M - #databrechawomen","robots":{"index":"index","follow":"follow","max-snippet":"max-snippet:-1","max-image-preview":"max-image-preview:large","max-video-preview":"max-video-preview:-1"},"canonical":"https:\/\/databrechawomen.iniciativabarcelonaopendata.cat\/index.php\/26m\/","og_locale":"ca_ES","og_type":"article","og_title":"26M - #databrechawomen","og_description":"Explicaci\u00f3n Analizando los Agresores y las V\u00edctimas de delitos contra la libertad sexual en Espa\u00f1a en el per\u00edodo de 2010 a 2019, se observa la diferencia abismal y la magnitud del problema, en cuanto a personas detenidas e investigadas un 94,74%, respecto a un 5,26% que son mujeres. Se puede identificar claramente que en los...","og_url":"https:\/\/databrechawomen.iniciativabarcelonaopendata.cat\/index.php\/26m\/","og_site_name":"#databrechawomen","article_modified_time":"2022-06-10T12:55:26+00:00","og_image":[{"url":"https:\/\/databrechawomen.iniciativabarcelonaopendata.cat\/wp-content\/uploads\/2022\/06\/26-1024x574.png","type":"","width":"","height":""}],"twitter_card":"summary_large_image","twitter_misc":{"Temps estimat de lectura":"1 minut"},"schema":{"@context":"https:\/\/schema.org","@graph":[{"@type":"WebPage","@id":"https:\/\/databrechawomen.iniciativabarcelonaopendata.cat\/index.php\/26m\/","url":"https:\/\/databrechawomen.iniciativabarcelonaopendata.cat\/index.php\/26m\/","name":"26M - #databrechawomen","isPartOf":{"@id":"https:\/\/databrechawomen.iniciativabarcelonaopendata.cat\/#website"},"primaryImageOfPage":{"@id":"https:\/\/databrechawomen.iniciativabarcelonaopendata.cat\/index.php\/26m\/#primaryimage"},"image":{"@id":"https:\/\/databrechawomen.iniciativabarcelonaopendata.cat\/index.php\/26m\/#primaryimage"},"thumbnailUrl":"https:\/\/databrechawomen.iniciativabarcelonaopendata.cat\/wp-content\/uploads\/2022\/06\/26-1024x574.png","datePublished":"2022-05-30T11:15:11+00:00","dateModified":"2022-06-10T12:55:26+00:00","breadcrumb":{"@id":"https:\/\/databrechawomen.iniciativabarcelonaopendata.cat\/index.php\/26m\/#breadcrumb"},"inLanguage":"ca","potentialAction":[{"@type":"ReadAction","target":["https:\/\/databrechawomen.iniciativabarcelonaopendata.cat\/index.php\/26m\/"]}]},{"@type":"ImageObject","inLanguage":"ca","@id":"https:\/\/databrechawomen.iniciativabarcelonaopendata.cat\/index.php\/26m\/#primaryimage","url":"https:\/\/databrechawomen.iniciativabarcelonaopendata.cat\/wp-content\/uploads\/2022\/06\/26.png","contentUrl":"https:\/\/databrechawomen.iniciativabarcelonaopendata.cat\/wp-content\/uploads\/2022\/06\/26.png","width":2560,"height":1436},{"@type":"BreadcrumbList","@id":"https:\/\/databrechawomen.iniciativabarcelonaopendata.cat\/index.php\/26m\/#breadcrumb","itemListElement":[{"@type":"ListItem","position":1,"name":"Inici","item":"https:\/\/databrechawomen.iniciativabarcelonaopendata.cat\/"},{"@type":"ListItem","position":2,"name":"26M"}]},{"@type":"WebSite","@id":"https:\/\/databrechawomen.iniciativabarcelonaopendata.cat\/#website","url":"https:\/\/databrechawomen.iniciativabarcelonaopendata.cat\/","name":"#databrechawomen","description":"Opendata derechos mujeres","publisher":{"@id":"https:\/\/databrechawomen.iniciativabarcelonaopendata.cat\/#organization"},"potentialAction":[{"@type":"SearchAction","target":{"@type":"EntryPoint","urlTemplate":"https:\/\/databrechawomen.iniciativabarcelonaopendata.cat\/?s={search_term_string}"},"query-input":{"@type":"PropertyValueSpecification","valueRequired":true,"valueName":"search_term_string"}}],"inLanguage":"ca"},{"@type":"Organization","@id":"https:\/\/databrechawomen.iniciativabarcelonaopendata.cat\/#organization","name":"DataWoman","url":"https:\/\/databrechawomen.iniciativabarcelonaopendata.cat\/","logo":{"@type":"ImageObject","inLanguage":"ca","@id":"https:\/\/databrechawomen.iniciativabarcelonaopendata.cat\/#\/schema\/logo\/image\/","url":"https:\/\/databrechawomen.iniciativabarcelonaopendata.cat\/wp-content\/uploads\/2022\/05\/Lila_rediseno_W-1.png","contentUrl":"https:\/\/databrechawomen.iniciativabarcelonaopendata.cat\/wp-content\/uploads\/2022\/05\/Lila_rediseno_W-1.png","width":3333,"height":3333,"caption":"DataWoman"},"image":{"@id":"https:\/\/databrechawomen.iniciativabarcelonaopendata.cat\/#\/schema\/logo\/image\/"}}]}},"_links":{"self":[{"href":"https:\/\/databrechawomen.iniciativabarcelonaopendata.cat\/index.php\/wp-json\/wp\/v2\/pages\/1501","targetHints":{"allow":["GET"]}}],"collection":[{"href":"https:\/\/databrechawomen.iniciativabarcelonaopendata.cat\/index.php\/wp-json\/wp\/v2\/pages"}],"about":[{"href":"https:\/\/databrechawomen.iniciativabarcelonaopendata.cat\/index.php\/wp-json\/wp\/v2\/types\/page"}],"author":[{"embeddable":true,"href":"https:\/\/databrechawomen.iniciativabarcelonaopendata.cat\/index.php\/wp-json\/wp\/v2\/users\/2"}],"replies":[{"embeddable":true,"href":"https:\/\/databrechawomen.iniciativabarcelonaopendata.cat\/index.php\/wp-json\/wp\/v2\/comments?post=1501"}],"version-history":[{"count":3,"href":"https:\/\/databrechawomen.iniciativabarcelonaopendata.cat\/index.php\/wp-json\/wp\/v2\/pages\/1501\/revisions"}],"predecessor-version":[{"id":1696,"href":"https:\/\/databrechawomen.iniciativabarcelonaopendata.cat\/index.php\/wp-json\/wp\/v2\/pages\/1501\/revisions\/1696"}],"wp:attachment":[{"href":"https:\/\/databrechawomen.iniciativabarcelonaopendata.cat\/index.php\/wp-json\/wp\/v2\/media?parent=1501"}],"curies":[{"name":"wp","href":"https:\/\/api.w.org\/{rel}","templated":true}]}}