{"id":1443,"date":"2022-05-27T12:45:44","date_gmt":"2022-05-27T12:45:44","guid":{"rendered":"https:\/\/databrechawomen.iniciativabarcelonaopendata.cat\/?page_id=1443"},"modified":"2022-06-10T12:43:14","modified_gmt":"2022-06-10T12:43:14","slug":"11m","status":"publish","type":"page","link":"https:\/\/databrechawomen.iniciativabarcelonaopendata.cat\/index.php\/11m\/","title":{"rendered":"11M"},"content":{"rendered":"<style>#kt-layout-id_6128ae-c5 > .kt-row-column-wrap{align-content:start;}:where(#kt-layout-id_6128ae-c5 > .kt-row-column-wrap) > .wp-block-kadence-column{justify-content:start;}#kt-layout-id_6128ae-c5 > .kt-row-column-wrap{column-gap:var(--global-kb-gap-md, 2rem);row-gap:var(--global-kb-gap-md, 2rem);padding-top:var( --global-kb-row-default-top, 25px );padding-bottom:var( --global-kb-row-default-bottom, 25px );padding-top:129px;grid-template-columns:minmax(0, calc(10% - ((var(--global-kb-gap-md, 2rem) * 2 )\/3)))minmax(0, calc(80% - ((var(--global-kb-gap-md, 2rem) * 2 )\/3)))minmax(0, calc(10% - ((var(--global-kb-gap-md, 2rem) * 2 )\/3)));}#kt-layout-id_6128ae-c5 > .kt-row-layout-overlay{opacity:0.30;}@media all and (max-width: 1024px){#kt-layout-id_6128ae-c5 > .kt-row-column-wrap > div:not(.added-for-specificity){grid-column:initial;}}@media all and (max-width: 1024px){#kt-layout-id_6128ae-c5 > .kt-row-column-wrap{grid-template-columns:minmax(0, 1fr) minmax(0, 6fr) minmax(0, 1fr);}}@media all and (max-width: 767px){#kt-layout-id_6128ae-c5 > .kt-row-column-wrap > div:not(.added-for-specificity){grid-column:initial;}#kt-layout-id_6128ae-c5 > .kt-row-column-wrap{grid-template-columns:minmax(0, 1fr);}}<\/style>\n<div class=\"wp-block-kadence-rowlayout alignnone\"><div id=\"kt-layout-id_6128ae-c5\" class=\"kt-row-layout-inner kt-layout-id_6128ae-c5\"><div class=\"kt-row-column-wrap kt-has-3-columns kt-gutter-default kt-v-gutter-default kt-row-valign-top kt-row-layout-center-exwide kt-tab-layout-inherit kt-m-colapse-left-to-right kt-mobile-layout-row  kt-custom-first-width-10  kt-custom-second-width-80  kt-custom-third-width-10\"><style>.kadence-column_73196b-bd > .kt-inside-inner-col{border-top-width:0px;border-right-width:0px;border-bottom-width:0px;border-left-width:0px;}.kadence-column_73196b-bd > .kt-inside-inner-col,.kadence-column_73196b-bd > .kt-inside-inner-col:before{border-top-left-radius:0px;border-top-right-radius:0px;border-bottom-right-radius:0px;border-bottom-left-radius:0px;}.kadence-column_73196b-bd > .kt-inside-inner-col{column-gap:var(--global-kb-gap-sm, 1rem);}.kadence-column_73196b-bd > .kt-inside-inner-col{flex-direction:column;}.kadence-column_73196b-bd > .kt-inside-inner-col > .aligncenter{width:100%;}.kadence-column_73196b-bd > .kt-inside-inner-col:before{opacity:0.3;}.kadence-column_73196b-bd{position:relative;}@media all and (max-width: 1024px){.kadence-column_73196b-bd > .kt-inside-inner-col{flex-direction:column;justify-content:center;}}@media all and (max-width: 767px){.kadence-column_73196b-bd > .kt-inside-inner-col{flex-direction:column;justify-content:center;}}<\/style>\n<div class=\"wp-block-kadence-column inner-column-1 kadence-column_73196b-bd\"><div class=\"kt-inside-inner-col\"><\/div><\/div>\n\n\n<style>.kadence-column_a5b7a5-5f > .kt-inside-inner-col{border-top-width:0px;border-right-width:0px;border-bottom-width:0px;border-left-width:0px;}.kadence-column_a5b7a5-5f > .kt-inside-inner-col,.kadence-column_a5b7a5-5f > .kt-inside-inner-col:before{border-top-left-radius:0px;border-top-right-radius:0px;border-bottom-right-radius:0px;border-bottom-left-radius:0px;}.kadence-column_a5b7a5-5f > .kt-inside-inner-col{column-gap:var(--global-kb-gap-sm, 1rem);}.kadence-column_a5b7a5-5f > .kt-inside-inner-col{flex-direction:column;}.kadence-column_a5b7a5-5f > .kt-inside-inner-col > .aligncenter{width:100%;}.kadence-column_a5b7a5-5f > .kt-inside-inner-col:before{opacity:0.3;}.kadence-column_a5b7a5-5f{position:relative;}@media all and (max-width: 1024px){.kadence-column_a5b7a5-5f > .kt-inside-inner-col{flex-direction:column;justify-content:center;}}@media all and (max-width: 767px){.kadence-column_a5b7a5-5f > .kt-inside-inner-col{flex-direction:column;justify-content:center;}}<\/style>\n<div class=\"wp-block-kadence-column inner-column-2 kadence-column_a5b7a5-5f\"><div class=\"kt-inside-inner-col\"><div class=\"wp-block-image\">\n<figure class=\"aligncenter size-large\"><img loading=\"lazy\" decoding=\"async\" width=\"1024\" height=\"574\" src=\"https:\/\/databrechawomen.iniciativabarcelonaopendata.cat\/wp-content\/uploads\/2022\/06\/11-1024x574.png\" alt=\"\" class=\"wp-image-1571\" srcset=\"https:\/\/databrechawomen.iniciativabarcelonaopendata.cat\/wp-content\/uploads\/2022\/06\/11-1024x574.png 1024w, https:\/\/databrechawomen.iniciativabarcelonaopendata.cat\/wp-content\/uploads\/2022\/06\/11-300x168.png 300w, https:\/\/databrechawomen.iniciativabarcelonaopendata.cat\/wp-content\/uploads\/2022\/06\/11-768x431.png 768w, https:\/\/databrechawomen.iniciativabarcelonaopendata.cat\/wp-content\/uploads\/2022\/06\/11-1536x862.png 1536w, https:\/\/databrechawomen.iniciativabarcelonaopendata.cat\/wp-content\/uploads\/2022\/06\/11-2048x1149.png 2048w\" sizes=\"auto, (max-width: 1024px) 100vw, 1024px\" \/><\/figure>\n<\/div>\n\n\n<p class=\"has-theme-palette-5-color has-text-color has-medium-font-size\"><strong>Explicaci\u00f3n<\/strong><\/p>\n\n\n\n<p class=\"has-theme-palette-5-color has-text-color\">La brecha digital de g\u00e9nero en los usos del internet se intensifica a la inversa al analizar concretamente el uso de internet para comunicarse con monitores o alumnos utilizando portales o sitios web educativos. En este caso analizando personas de 16 a 74 a\u00f1os usuarios de Internet en los \u00faltimos tres meses existe una diferencia del 35% de las mujeres frente al 28,7% los hombres. El uso de Internet que realizan hombres y mujeres responde de nuevo a los estereotipos de g\u00e9nero presentes en mujeres y hombres, en este caso los roles asociados a los cuidados de los hijos. Son datos de elaboraci\u00f3n propia de acuerdo con los datos del INE Instituto Nacional de Estad\u00edstica en los \u00faltimos tres meses por tipos de actividad ejecutada en Espa\u00f1a durante 2020.<\/p>\n\n\n\n<p class=\"has-theme-palette-5-color has-text-color has-medium-font-size\"><strong>Interpretar datos<\/strong><\/p>\n\n\n\n<figure class=\"wp-block-embed is-type-video is-provider-youtube wp-block-embed-youtube wp-embed-aspect-16-9 wp-has-aspect-ratio\"><div class=\"wp-block-embed__wrapper\">\n<iframe loading=\"lazy\" title=\"11M - Bretxa Digital de G\u00e8nere. Usos Internet\" width=\"720\" height=\"405\" src=\"https:\/\/www.youtube.com\/embed\/JJ94SF0cigk?feature=oembed\" frameborder=\"0\" allow=\"accelerometer; autoplay; clipboard-write; encrypted-media; gyroscope; picture-in-picture\" allowfullscreen><\/iframe>\n<\/div><\/figure>\n\n\n\n<p class=\"has-theme-palette-5-color has-text-color has-medium-font-size\"><strong>Visualizaci\u00f3n<\/strong><\/p>\n\n\n\n<p class=\"has-theme-palette-5-color has-text-color\">Brecha Digital de G\u00e9nero. Usos Internet<\/p>\n\n\n\n<p class=\"has-theme-palette-5-color has-text-color has-medium-font-size\"><strong>Enlace visualizaci\u00f3n<\/strong><\/p>\n\n\n\n<p><a href=\"https:\/\/donesdigital.datalabciba.org\/#c133716 \">https:\/\/donesdigital.datalabciba.org\/#c133716 <\/a><\/p>\n\n\n\n<p class=\"has-theme-palette-5-color has-text-color has-medium-font-size\"><strong>Proyecto<\/strong><\/p>\n\n\n\n<p><a href=\"https:\/\/doneslaboral.datalabciba.org\/\"><\/a><a href=\"https:\/\/donesdigital.datalabciba.org\/\"><\/a><a href=\"https:\/\/donesdigital.datalabciba.org\/\">Datos X Mujeres X Digital<\/a><\/p>\n<\/div><\/div>\n\n\n<style>.kadence-column_0cfca9-2d > .kt-inside-inner-col{border-top-width:0px;border-right-width:0px;border-bottom-width:0px;border-left-width:0px;}.kadence-column_0cfca9-2d > .kt-inside-inner-col,.kadence-column_0cfca9-2d > .kt-inside-inner-col:before{border-top-left-radius:0px;border-top-right-radius:0px;border-bottom-right-radius:0px;border-bottom-left-radius:0px;}.kadence-column_0cfca9-2d > .kt-inside-inner-col{column-gap:var(--global-kb-gap-sm, 1rem);}.kadence-column_0cfca9-2d > .kt-inside-inner-col{flex-direction:column;}.kadence-column_0cfca9-2d > .kt-inside-inner-col > .aligncenter{width:100%;}.kadence-column_0cfca9-2d > .kt-inside-inner-col:before{opacity:0.3;}.kadence-column_0cfca9-2d{position:relative;}@media all and (max-width: 1024px){.kadence-column_0cfca9-2d > .kt-inside-inner-col{flex-direction:column;justify-content:center;}}@media all and (max-width: 767px){.kadence-column_0cfca9-2d > .kt-inside-inner-col{flex-direction:column;justify-content:center;}}<\/style>\n<div class=\"wp-block-kadence-column inner-column-3 kadence-column_0cfca9-2d\"><div class=\"kt-inside-inner-col\"><\/div><\/div>\n<\/div><\/div><\/div>\n\n\n\n<p><\/p>\n","protected":false},"excerpt":{"rendered":"<p>Explicaci\u00f3n La brecha digital de g\u00e9nero en los usos del internet se intensifica a la inversa al analizar concretamente el uso de internet para comunicarse con monitores o alumnos utilizando portales o sitios web educativos. En este caso analizando personas de 16 a 74 a\u00f1os usuarios de Internet en los \u00faltimos tres meses existe una&#8230;<\/p>\n","protected":false},"author":2,"featured_media":0,"parent":0,"menu_order":0,"comment_status":"closed","ping_status":"closed","template":"","meta":{"_monsterinsights_skip_tracking":false,"_monsterinsights_sitenote_active":false,"_monsterinsights_sitenote_note":"","_monsterinsights_sitenote_category":0,"_kad_post_transparent":"enable","_kad_post_title":"hide","_kad_post_layout":"fullwidth","_kad_post_sidebar_id":"","_kad_post_content_style":"boxed","_kad_post_vertical_padding":"","_kad_post_feature":"","_kad_post_feature_position":"","_kad_post_header":false,"_kad_post_footer":false,"_kad_post_classname":"","footnotes":""},"class_list":["post-1443","page","type-page","status-publish","hentry"],"yoast_head":"<!-- This site is optimized with the Yoast SEO plugin v27.5 - https:\/\/yoast.com\/product\/yoast-seo-wordpress\/ -->\n<title>11M - #databrechawomen<\/title>\n<meta name=\"robots\" content=\"index, follow, max-snippet:-1, max-image-preview:large, max-video-preview:-1\" \/>\n<link rel=\"canonical\" href=\"https:\/\/databrechawomen.iniciativabarcelonaopendata.cat\/index.php\/11m\/\" \/>\n<meta property=\"og:locale\" content=\"ca_ES\" \/>\n<meta property=\"og:type\" content=\"article\" \/>\n<meta property=\"og:title\" content=\"11M - #databrechawomen\" \/>\n<meta property=\"og:description\" content=\"Explicaci\u00f3n La brecha digital de g\u00e9nero en los usos del internet se intensifica a la inversa al analizar concretamente el uso de internet para comunicarse con monitores o alumnos utilizando portales o sitios web educativos. En este caso analizando personas de 16 a 74 a\u00f1os usuarios de Internet en los \u00faltimos tres meses existe una...\" \/>\n<meta property=\"og:url\" content=\"https:\/\/databrechawomen.iniciativabarcelonaopendata.cat\/index.php\/11m\/\" \/>\n<meta property=\"og:site_name\" content=\"#databrechawomen\" \/>\n<meta property=\"article:modified_time\" content=\"2022-06-10T12:43:14+00:00\" \/>\n<meta property=\"og:image\" content=\"https:\/\/databrechawomen.iniciativabarcelonaopendata.cat\/wp-content\/uploads\/2022\/06\/11-1024x574.png\" \/>\n<meta name=\"twitter:card\" content=\"summary_large_image\" \/>\n<meta name=\"twitter:label1\" content=\"Temps estimat de lectura\" \/>\n\t<meta name=\"twitter:data1\" content=\"2 minuts\" \/>\n<script type=\"application\/ld+json\" class=\"yoast-schema-graph\">{\"@context\":\"https:\\\/\\\/schema.org\",\"@graph\":[{\"@type\":\"WebPage\",\"@id\":\"https:\\\/\\\/databrechawomen.iniciativabarcelonaopendata.cat\\\/index.php\\\/11m\\\/\",\"url\":\"https:\\\/\\\/databrechawomen.iniciativabarcelonaopendata.cat\\\/index.php\\\/11m\\\/\",\"name\":\"11M - #databrechawomen\",\"isPartOf\":{\"@id\":\"https:\\\/\\\/databrechawomen.iniciativabarcelonaopendata.cat\\\/#website\"},\"primaryImageOfPage\":{\"@id\":\"https:\\\/\\\/databrechawomen.iniciativabarcelonaopendata.cat\\\/index.php\\\/11m\\\/#primaryimage\"},\"image\":{\"@id\":\"https:\\\/\\\/databrechawomen.iniciativabarcelonaopendata.cat\\\/index.php\\\/11m\\\/#primaryimage\"},\"thumbnailUrl\":\"https:\\\/\\\/databrechawomen.iniciativabarcelonaopendata.cat\\\/wp-content\\\/uploads\\\/2022\\\/06\\\/11-1024x574.png\",\"datePublished\":\"2022-05-27T12:45:44+00:00\",\"dateModified\":\"2022-06-10T12:43:14+00:00\",\"breadcrumb\":{\"@id\":\"https:\\\/\\\/databrechawomen.iniciativabarcelonaopendata.cat\\\/index.php\\\/11m\\\/#breadcrumb\"},\"inLanguage\":\"ca\",\"potentialAction\":[{\"@type\":\"ReadAction\",\"target\":[\"https:\\\/\\\/databrechawomen.iniciativabarcelonaopendata.cat\\\/index.php\\\/11m\\\/\"]}]},{\"@type\":\"ImageObject\",\"inLanguage\":\"ca\",\"@id\":\"https:\\\/\\\/databrechawomen.iniciativabarcelonaopendata.cat\\\/index.php\\\/11m\\\/#primaryimage\",\"url\":\"https:\\\/\\\/databrechawomen.iniciativabarcelonaopendata.cat\\\/wp-content\\\/uploads\\\/2022\\\/06\\\/11.png\",\"contentUrl\":\"https:\\\/\\\/databrechawomen.iniciativabarcelonaopendata.cat\\\/wp-content\\\/uploads\\\/2022\\\/06\\\/11.png\",\"width\":2560,\"height\":1436},{\"@type\":\"BreadcrumbList\",\"@id\":\"https:\\\/\\\/databrechawomen.iniciativabarcelonaopendata.cat\\\/index.php\\\/11m\\\/#breadcrumb\",\"itemListElement\":[{\"@type\":\"ListItem\",\"position\":1,\"name\":\"Inici\",\"item\":\"https:\\\/\\\/databrechawomen.iniciativabarcelonaopendata.cat\\\/\"},{\"@type\":\"ListItem\",\"position\":2,\"name\":\"11M\"}]},{\"@type\":\"WebSite\",\"@id\":\"https:\\\/\\\/databrechawomen.iniciativabarcelonaopendata.cat\\\/#website\",\"url\":\"https:\\\/\\\/databrechawomen.iniciativabarcelonaopendata.cat\\\/\",\"name\":\"#databrechawomen\",\"description\":\"Opendata derechos mujeres\",\"publisher\":{\"@id\":\"https:\\\/\\\/databrechawomen.iniciativabarcelonaopendata.cat\\\/#organization\"},\"potentialAction\":[{\"@type\":\"SearchAction\",\"target\":{\"@type\":\"EntryPoint\",\"urlTemplate\":\"https:\\\/\\\/databrechawomen.iniciativabarcelonaopendata.cat\\\/?s={search_term_string}\"},\"query-input\":{\"@type\":\"PropertyValueSpecification\",\"valueRequired\":true,\"valueName\":\"search_term_string\"}}],\"inLanguage\":\"ca\"},{\"@type\":\"Organization\",\"@id\":\"https:\\\/\\\/databrechawomen.iniciativabarcelonaopendata.cat\\\/#organization\",\"name\":\"DataWoman\",\"url\":\"https:\\\/\\\/databrechawomen.iniciativabarcelonaopendata.cat\\\/\",\"logo\":{\"@type\":\"ImageObject\",\"inLanguage\":\"ca\",\"@id\":\"https:\\\/\\\/databrechawomen.iniciativabarcelonaopendata.cat\\\/#\\\/schema\\\/logo\\\/image\\\/\",\"url\":\"https:\\\/\\\/databrechawomen.iniciativabarcelonaopendata.cat\\\/wp-content\\\/uploads\\\/2022\\\/05\\\/Lila_rediseno_W-1.png\",\"contentUrl\":\"https:\\\/\\\/databrechawomen.iniciativabarcelonaopendata.cat\\\/wp-content\\\/uploads\\\/2022\\\/05\\\/Lila_rediseno_W-1.png\",\"width\":3333,\"height\":3333,\"caption\":\"DataWoman\"},\"image\":{\"@id\":\"https:\\\/\\\/databrechawomen.iniciativabarcelonaopendata.cat\\\/#\\\/schema\\\/logo\\\/image\\\/\"}}]}<\/script>\n<!-- \/ Yoast SEO plugin. -->","yoast_head_json":{"title":"11M - #databrechawomen","robots":{"index":"index","follow":"follow","max-snippet":"max-snippet:-1","max-image-preview":"max-image-preview:large","max-video-preview":"max-video-preview:-1"},"canonical":"https:\/\/databrechawomen.iniciativabarcelonaopendata.cat\/index.php\/11m\/","og_locale":"ca_ES","og_type":"article","og_title":"11M - #databrechawomen","og_description":"Explicaci\u00f3n La brecha digital de g\u00e9nero en los usos del internet se intensifica a la inversa al analizar concretamente el uso de internet para comunicarse con monitores o alumnos utilizando portales o sitios web educativos. En este caso analizando personas de 16 a 74 a\u00f1os usuarios de Internet en los \u00faltimos tres meses existe una...","og_url":"https:\/\/databrechawomen.iniciativabarcelonaopendata.cat\/index.php\/11m\/","og_site_name":"#databrechawomen","article_modified_time":"2022-06-10T12:43:14+00:00","og_image":[{"url":"https:\/\/databrechawomen.iniciativabarcelonaopendata.cat\/wp-content\/uploads\/2022\/06\/11-1024x574.png","type":"","width":"","height":""}],"twitter_card":"summary_large_image","twitter_misc":{"Temps estimat de lectura":"2 minuts"},"schema":{"@context":"https:\/\/schema.org","@graph":[{"@type":"WebPage","@id":"https:\/\/databrechawomen.iniciativabarcelonaopendata.cat\/index.php\/11m\/","url":"https:\/\/databrechawomen.iniciativabarcelonaopendata.cat\/index.php\/11m\/","name":"11M - #databrechawomen","isPartOf":{"@id":"https:\/\/databrechawomen.iniciativabarcelonaopendata.cat\/#website"},"primaryImageOfPage":{"@id":"https:\/\/databrechawomen.iniciativabarcelonaopendata.cat\/index.php\/11m\/#primaryimage"},"image":{"@id":"https:\/\/databrechawomen.iniciativabarcelonaopendata.cat\/index.php\/11m\/#primaryimage"},"thumbnailUrl":"https:\/\/databrechawomen.iniciativabarcelonaopendata.cat\/wp-content\/uploads\/2022\/06\/11-1024x574.png","datePublished":"2022-05-27T12:45:44+00:00","dateModified":"2022-06-10T12:43:14+00:00","breadcrumb":{"@id":"https:\/\/databrechawomen.iniciativabarcelonaopendata.cat\/index.php\/11m\/#breadcrumb"},"inLanguage":"ca","potentialAction":[{"@type":"ReadAction","target":["https:\/\/databrechawomen.iniciativabarcelonaopendata.cat\/index.php\/11m\/"]}]},{"@type":"ImageObject","inLanguage":"ca","@id":"https:\/\/databrechawomen.iniciativabarcelonaopendata.cat\/index.php\/11m\/#primaryimage","url":"https:\/\/databrechawomen.iniciativabarcelonaopendata.cat\/wp-content\/uploads\/2022\/06\/11.png","contentUrl":"https:\/\/databrechawomen.iniciativabarcelonaopendata.cat\/wp-content\/uploads\/2022\/06\/11.png","width":2560,"height":1436},{"@type":"BreadcrumbList","@id":"https:\/\/databrechawomen.iniciativabarcelonaopendata.cat\/index.php\/11m\/#breadcrumb","itemListElement":[{"@type":"ListItem","position":1,"name":"Inici","item":"https:\/\/databrechawomen.iniciativabarcelonaopendata.cat\/"},{"@type":"ListItem","position":2,"name":"11M"}]},{"@type":"WebSite","@id":"https:\/\/databrechawomen.iniciativabarcelonaopendata.cat\/#website","url":"https:\/\/databrechawomen.iniciativabarcelonaopendata.cat\/","name":"#databrechawomen","description":"Opendata derechos mujeres","publisher":{"@id":"https:\/\/databrechawomen.iniciativabarcelonaopendata.cat\/#organization"},"potentialAction":[{"@type":"SearchAction","target":{"@type":"EntryPoint","urlTemplate":"https:\/\/databrechawomen.iniciativabarcelonaopendata.cat\/?s={search_term_string}"},"query-input":{"@type":"PropertyValueSpecification","valueRequired":true,"valueName":"search_term_string"}}],"inLanguage":"ca"},{"@type":"Organization","@id":"https:\/\/databrechawomen.iniciativabarcelonaopendata.cat\/#organization","name":"DataWoman","url":"https:\/\/databrechawomen.iniciativabarcelonaopendata.cat\/","logo":{"@type":"ImageObject","inLanguage":"ca","@id":"https:\/\/databrechawomen.iniciativabarcelonaopendata.cat\/#\/schema\/logo\/image\/","url":"https:\/\/databrechawomen.iniciativabarcelonaopendata.cat\/wp-content\/uploads\/2022\/05\/Lila_rediseno_W-1.png","contentUrl":"https:\/\/databrechawomen.iniciativabarcelonaopendata.cat\/wp-content\/uploads\/2022\/05\/Lila_rediseno_W-1.png","width":3333,"height":3333,"caption":"DataWoman"},"image":{"@id":"https:\/\/databrechawomen.iniciativabarcelonaopendata.cat\/#\/schema\/logo\/image\/"}}]}},"_links":{"self":[{"href":"https:\/\/databrechawomen.iniciativabarcelonaopendata.cat\/index.php\/wp-json\/wp\/v2\/pages\/1443","targetHints":{"allow":["GET"]}}],"collection":[{"href":"https:\/\/databrechawomen.iniciativabarcelonaopendata.cat\/index.php\/wp-json\/wp\/v2\/pages"}],"about":[{"href":"https:\/\/databrechawomen.iniciativabarcelonaopendata.cat\/index.php\/wp-json\/wp\/v2\/types\/page"}],"author":[{"embeddable":true,"href":"https:\/\/databrechawomen.iniciativabarcelonaopendata.cat\/index.php\/wp-json\/wp\/v2\/users\/2"}],"replies":[{"embeddable":true,"href":"https:\/\/databrechawomen.iniciativabarcelonaopendata.cat\/index.php\/wp-json\/wp\/v2\/comments?post=1443"}],"version-history":[{"count":6,"href":"https:\/\/databrechawomen.iniciativabarcelonaopendata.cat\/index.php\/wp-json\/wp\/v2\/pages\/1443\/revisions"}],"predecessor-version":[{"id":1674,"href":"https:\/\/databrechawomen.iniciativabarcelonaopendata.cat\/index.php\/wp-json\/wp\/v2\/pages\/1443\/revisions\/1674"}],"wp:attachment":[{"href":"https:\/\/databrechawomen.iniciativabarcelonaopendata.cat\/index.php\/wp-json\/wp\/v2\/media?parent=1443"}],"curies":[{"name":"wp","href":"https:\/\/api.w.org\/{rel}","templated":true}]}}